{"id":19,"date":"2025-01-13T14:00:42","date_gmt":"2025-01-13T14:00:42","guid":{"rendered":"http:\/\/erinnerung-verbindet.eu\/?page_id=19"},"modified":"2026-03-02T15:57:33","modified_gmt":"2026-03-02T15:57:33","slug":"tours","status":"publish","type":"page","link":"https:\/\/erinnerung-verbindet.eu\/en\/touren\/","title":{"rendered":"Tours"},"content":{"rendered":"\n<p class=\"eplus-wrapper has-large-font-size\" style=\"font-style:normal;font-weight:600;letter-spacing:1px\">Die deutsch-polnische Erinnerungslandschaft Oder-Warthe Region entdecken<\/p>\n\n\n\n<p class=\"eplus-wrapper has-medium-font-size\" style=\"margin-bottom:var(--wp--preset--spacing--50);letter-spacing:1px\">Entdecken Sie mit unseren Tour-Empfehlungen die einzigartige und \u00fcberraschend vielseitige Erinnerungslandschaft in der deutsch-polnischen Grenzregion um die beiden Fl\u00fcsse Oder und Warthe.&nbsp;<\/p>\n\n\n<div  class=\"ultp-post-grid-block wp-block-ultimate-post-post-grid-1 ultp-block-568b98\"><div class=\"ultp-block-wrapper\"><div class=\"ultp-loading\"><div class=\"ultp-loading-blocks\" style=\"width:100%;height:100%;\"><div style=\"left: 0;top: 0;animation-delay:0s;\"><\/div><div style=\"left: 21px;top: 0;animation-delay:0.125s;\"><\/div><div style=\"left: 42px;top: 0;animation-delay:0.25s;\"><\/div><div style=\"left: 0;top: 21px;animation-delay:0.875s;\"><\/div><div style=\"left: 42px;top: 21px;animation-delay:0.375s;\"><\/div><div style=\"left: 0;top: 42px;animation-delay:0.75s;\"><\/div><div style=\"left: 42px;top: 42px;animation-delay:0.625s;\"><\/div><div style=\"left: 21px;top: 42px;animation-delay:0.5s;\"><\/div><\/div><\/div><div class=\"ultp-block-items-wrap ultp-block-row ultp-pg1a-style1 ultp-grid1-responsive ultp-block-column-3 ultp-sm-column-2 ultp-xs-column-1 ultp-layout1\"><div class=\"ultp-block-item post-id-56\"><div class=\"ultp-block-content-wrap\"><div class=\"ultp-block-image ultp-block-image-zoomIn\"><a href=\"https:\/\/erinnerung-verbindet.eu\/en\/touren\/kriegsereignisse-1945\/\" ><img decoding=\"async\"  class=\"ultp-block-image-content\"  alt=\"Kriegsereignisse 1945\"  src=\"https:\/\/erinnerung-verbindet.eu\/wp-content\/uploads\/2025\/01\/20241127_102822-870x557.jpg\" \/><\/a><\/div><div class=\"ultp-block-content\"><h3 class=\"ultp-block-title \"><a href=\"https:\/\/erinnerung-verbindet.eu\/en\/touren\/kriegsereignisse-1945\/\" >Kriegsereignisse 1945<\/a><\/h3><div class=\"ultp-block-excerpt\"><p>Zum Ende des Zweiten Weltkriegs haben schwerste Kampfhandlungen in der Oder-Warthe Region Narben hinterlassen, die bis heute sichtbar sind. Folgen Sie dem grenz\u00fcbergreifenden Geschichtspfad auf den Spuren der Ereignisse im Fr\u00fchjahr&hellip;<\/p>\n<\/div><\/div><\/div><\/div><div class=\"ultp-block-item post-id-86\"><div class=\"ultp-block-content-wrap\"><div class=\"ultp-block-image ultp-block-image-zoomIn\"><a href=\"https:\/\/erinnerung-verbindet.eu\/en\/touren\/orte-der-begegnung\/\" ><img decoding=\"async\"  class=\"ultp-block-image-content\"  alt=\"Orte der Begegnung\"  src=\"https:\/\/erinnerung-verbindet.eu\/wp-content\/uploads\/2025\/01\/Schilderpark-Witnica-870x570.png\" \/><\/a><\/div><div class=\"ultp-block-content\"><h3 class=\"ultp-block-title \"><a href=\"https:\/\/erinnerung-verbindet.eu\/en\/touren\/orte-der-begegnung\/\" >Orte der Begegnung<\/a><\/h3><div class=\"ultp-block-excerpt\"><p>Mit dem Ende des Zweiten Weltkriegs wurde die Oder-Warthe Region zum deutsch-polnischen Grenzgebiet. Die zuvor gemeinsame Geschichte erfuhr einen nahezu vollst\u00e4ndigen Neustart. Die Westverschiebung Polens brachte neben der neuen Grenze [&hellip;]<\/p>\n<\/div><\/div><\/div><\/div><div class=\"ultp-block-item post-id-92\"><div class=\"ultp-block-content-wrap\"><div class=\"ultp-block-image ultp-block-image-zoomIn\"><a href=\"https:\/\/erinnerung-verbindet.eu\/en\/touren\/orte-des-kalten-krieges\/\" ><img decoding=\"async\"  class=\"ultp-block-image-content\"  alt=\"Orte des Kalten Krieges\"  src=\"https:\/\/erinnerung-verbindet.eu\/wp-content\/uploads\/2025\/01\/Kulturbunker-Strausberg-870x570.png\" \/><\/a><\/div><div class=\"ultp-block-content\"><h3 class=\"ultp-block-title \"><a href=\"https:\/\/erinnerung-verbindet.eu\/en\/touren\/orte-des-kalten-krieges\/\" >Orte des Kalten Krieges<\/a><\/h3><div class=\"ultp-block-excerpt\"><p>Mit dem Ende des Zweiten Weltkriegs wurde die Oder-Warthe Region zum Grenzgebiet zwischen Deutschland und Polen. Die zuvor gemeinsame Geschichte erfuhr einen nahezu vollst\u00e4ndigen Neustart durch den radikalen Bev\u00f6lkerungsaustausch \u00f6stlich [&hellip;]<\/p>\n<\/div><\/div><\/div><\/div><div class=\"ultp-block-item post-id-96\"><div class=\"ultp-block-content-wrap\"><div class=\"ultp-block-image ultp-block-image-zoomIn\"><a href=\"https:\/\/erinnerung-verbindet.eu\/en\/touren\/auf-den-spuren-der-johanniter\/\" ><img decoding=\"async\"  class=\"ultp-block-image-content\"  alt=\"Auf den Spuren der Johanniter\"  src=\"https:\/\/erinnerung-verbindet.eu\/wp-content\/uploads\/2025\/01\/21994207_869955983155103_3701235347145947770_o-870x570.jpg\" \/><\/a><\/div><div class=\"ultp-block-content\"><h3 class=\"ultp-block-title \"><a href=\"https:\/\/erinnerung-verbindet.eu\/en\/touren\/auf-den-spuren-der-johanniter\/\" >Auf den Spuren der Johanniter<\/a><\/h3><div class=\"ultp-block-excerpt\"><p>Die grenz\u00fcbergreifende Region \u00f6stlich Berlins ist vor allem durch die Natur an den Fl\u00fcssen Oder und Warthe gepr\u00e4gt, die an der ehemaligen Festung K\u00fcstrin in Kostrzyn nad Odra zusammenfinden. Ein [&hellip;]<\/p>\n<\/div><\/div><\/div><\/div><div class=\"ultp-block-item post-id-838\"><div class=\"ultp-block-content-wrap\"><div class=\"ultp-block-image ultp-block-image-zoomIn\"><a href=\"https:\/\/erinnerung-verbindet.eu\/en\/touren\/festungserbe-oder-warthe-region\/\" ><img decoding=\"async\"  class=\"ultp-block-image-content\"  alt=\"Festungserbe Oder-Warthe Region\"  src=\"https:\/\/erinnerung-verbindet.eu\/wp-content\/uploads\/2025\/08\/Festung-Kuestrin-web_\u00a9D.Roeder-870x570.jpg\" \/><\/a><\/div><div class=\"ultp-block-content\"><h3 class=\"ultp-block-title \"><a href=\"https:\/\/erinnerung-verbindet.eu\/en\/touren\/festungserbe-oder-warthe-region\/\" >Festungserbe Oder-Warthe Region<\/a><\/h3><div class=\"ultp-block-excerpt\"><p>Europa verf\u00fcgt \u00fcber eine reiche und vielf\u00e4ltige Festungsarchitektur. Sie repr\u00e4sentiert die europ\u00e4ische Geschichte verschiedenster Epochen und ist eine ausgezeichnete Basis f\u00fcr spannenden Kulturtourismus.<\/p>\n<\/div><\/div><\/div><\/div><\/div><\/div><div class=\"pagination-block-html\" aria-hidden=\"true\" style=\"display: none;\"><\/div><\/div>\n\n\n<div class=\"wp-block-ultimate-post-post-grid-parent ultp-post-grid-parent\" data-postid=\"19\" data-grids=\"[]\" data-pagi=\"[]\"><\/div>\n\n\n\n<p class=\"eplus-wrapper\"><\/p>\n","protected":false},"excerpt":{"rendered":"<p>Die deutsch-polnische Erinnerungslandschaft Oder-Warthe Region entdecken Entdecken Sie mit unseren Tour-Empfehlungen die einzigartige und \u00fcberraschend vielseitige Erinnerungslandschaft in der deutsch-polnischen Grenzregion um die beiden Fl\u00fcsse Oder und Warthe.&nbsp;<\/p>","protected":false},"author":1,"featured_media":0,"parent":0,"menu_order":0,"comment_status":"closed","ping_status":"closed","template":"","meta":{"editor_plus_copied_stylings":"{}","_EventAllDay":false,"_EventTimezone":"","_EventStartDate":"","_EventEndDate":"","_EventStartDateUTC":"","_EventEndDateUTC":"","_EventShowMap":false,"_EventShowMapLink":false,"_EventURL":"","_EventCost":"","_EventCostDescription":"","_EventCurrencySymbol":"","_EventCurrencyCode":"","_EventCurrencyPosition":"","_EventDateTimeSeparator":"","_EventTimeRangeSeparator":"","_EventOrganizerID":[],"_EventVenueID":[],"_OrganizerEmail":"","_OrganizerPhone":"","_OrganizerWebsite":"","_VenueAddress":"","_VenueCity":"","_VenueCountry":"","_VenueProvince":"","_VenueState":"","_VenueZip":"","_VenuePhone":"","_VenueURL":"","_VenueStateProvince":"","_VenueLat":"","_VenueLng":"","_VenueShowMap":false,"_VenueShowMapLink":false,"footnotes":""},"class_list":["post-19","page","type-page","status-publish","hentry"],"_links":{"self":[{"href":"https:\/\/erinnerung-verbindet.eu\/en\/wp-json\/wp\/v2\/pages\/19","targetHints":{"allow":["GET"]}}],"collection":[{"href":"https:\/\/erinnerung-verbindet.eu\/en\/wp-json\/wp\/v2\/pages"}],"about":[{"href":"https:\/\/erinnerung-verbindet.eu\/en\/wp-json\/wp\/v2\/types\/page"}],"author":[{"embeddable":true,"href":"https:\/\/erinnerung-verbindet.eu\/en\/wp-json\/wp\/v2\/users\/1"}],"replies":[{"embeddable":true,"href":"https:\/\/erinnerung-verbindet.eu\/en\/wp-json\/wp\/v2\/comments?post=19"}],"version-history":[{"count":1,"href":"https:\/\/erinnerung-verbindet.eu\/en\/wp-json\/wp\/v2\/pages\/19\/revisions"}],"predecessor-version":[{"id":1153,"href":"https:\/\/erinnerung-verbindet.eu\/en\/wp-json\/wp\/v2\/pages\/19\/revisions\/1153"}],"wp:attachment":[{"href":"https:\/\/erinnerung-verbindet.eu\/en\/wp-json\/wp\/v2\/media?parent=19"}],"curies":[{"name":"wp","href":"https:\/\/api.w.org\/{rel}","templated":true}]}}