{"id":105,"date":"2025-01-14T12:43:58","date_gmt":"2025-01-14T12:43:58","guid":{"rendered":"http:\/\/erinnerung-verbindet.eu\/?page_id=105"},"modified":"2025-01-21T14:39:10","modified_gmt":"2025-01-21T14:39:10","slug":"pamiec-sieciowa-laczy-lub-utrzymuje","status":"publish","type":"page","link":"https:\/\/erinnerung-verbindet.eu\/pl\/netzwerk-erinnerung-verbindet-oder-warthe\/","title":{"rendered":"Sie\u0107 \"Pami\u0119\u0107 \u0142\u0105czy Odr\u0119 i Wart\u0119\""},"content":{"rendered":"<p class=\"eplus-wrapper\"><\/p>\n\n\n\n<div class=\"wp-block-columns eplus-wrapper is-layout-flex wp-container-core-columns-is-layout-28f84493 wp-block-columns-is-layout-flex\">\n<div class=\"wp-block-column eplus-wrapper is-layout-flow wp-block-column-is-layout-flow\" style=\"flex-basis:33.33%\">\n<p class=\"eplus-wrapper has-medium-font-size\" style=\"letter-spacing:0.9px\">Region Odry i Warty jest krajobrazem pami\u0119ci o szczeg\u00f3lnej warto\u015bci, w kt\u00f3rym zw\u0142aszcza XX wiek pozostawi\u0142 g\u0142\u0119bokie blizny. Istnieje potrzeba i ogromny potencja\u0142, aby zachowa\u0107 te zasoby kulturowe dla przysz\u0142ych pokole\u0144 i wykorzysta\u0107 je do rozwoju wsp\u00f3lnego regionu przygranicznego.<\/p>\n\n\n\n<p class=\"eplus-wrapper has-medium-font-size\" style=\"letter-spacing:0.9px\">W ramach wsp\u00f3\u0142pracy transgranicznej finansowanej z programu Interreg V-A Brandenburgia-Lubuskie, partnerzy projektu, miasto Seelow, miasto Kostrzyn nad Odr\u0105 i gmina S\u0142o\u0144sk, opracowali transgraniczny klaster turystyczny jako mark\u0119 i sie\u0107: \"Pami\u0119\u0107 \u0142\u0105czy Odr\u0119 i Wart\u0119\".<\/p>\n\n\n\n<p class=\"eplus-wrapper has-medium-font-size\" style=\"letter-spacing:0.9px\">Sie\u0107 miejsc pami\u0119ci Odra-Warthe promuje szczeg\u00f3lne potrzeby miejsc pami\u0119ci w zakresie zr\u00f3wnowa\u017conego rozwoju turystyki i kwalifikowanego marketingu mi\u0119dzynarodowego.<\/p>\n<\/div>\n\n\n\n<div class=\"wp-block-column eplus-wrapper is-layout-flow wp-block-column-is-layout-flow\" style=\"flex-basis:66.66%\">\n<figure class=\"wp-block-image size-large eplus-wrapper\"><img loading=\"lazy\" decoding=\"async\" width=\"984\" height=\"1024\" src=\"http:\/\/erinnerung-verbindet.eu\/wp-content\/uploads\/2025\/01\/SdE-Karte-984x1024.jpg\" alt=\"\" class=\"wp-image-107\" srcset=\"https:\/\/erinnerung-verbindet.eu\/wp-content\/uploads\/2025\/01\/SdE-Karte-984x1024.jpg 984w, https:\/\/erinnerung-verbindet.eu\/wp-content\/uploads\/2025\/01\/SdE-Karte-288x300.jpg 288w, https:\/\/erinnerung-verbindet.eu\/wp-content\/uploads\/2025\/01\/SdE-Karte-768x799.jpg 768w, https:\/\/erinnerung-verbindet.eu\/wp-content\/uploads\/2025\/01\/SdE-Karte-1476x1536.jpg 1476w, https:\/\/erinnerung-verbindet.eu\/wp-content\/uploads\/2025\/01\/SdE-Karte-1968x2048.jpg 1968w\" sizes=\"auto, (max-width: 984px) 100vw, 984px\" \/><\/figure>\n<\/div>\n<\/div>\n\n\n\n<p class=\"eplus-wrapper\"><\/p>\n\n\n\n<p class=\"eplus-wrapper\" style=\"letter-spacing:0.9px\">Partnerzy sieciowi:<\/p>\n\n\n\n<ul class=\"wp-block-list eplus-wrapper\">\n<li class=\"eplus-wrapper has-medium-font-size\" style=\"letter-spacing:0.9px\">powiat M\u00e4rkisch Oderland<\/li>\n\n\n\n<li class=\"eplus-wrapper has-medium-font-size\" style=\"letter-spacing:0.9px\">miasto Seelow<\/li>\n\n\n\n<li class=\"eplus-wrapper has-medium-font-size\" style=\"letter-spacing:0.9px\">miasto Kostrzyn nad Odr\u0105<\/li>\n\n\n\n<li class=\"eplus-wrapper has-medium-font-size\" style=\"letter-spacing:0.9px\">gmina S\u0142o\u0144sk<\/li>\n\n\n\n<li class=\"eplus-wrapper has-medium-font-size\" style=\"letter-spacing:0.9px\">Miasto Santok<\/li>\n\n\n\n<li class=\"eplus-wrapper has-medium-font-size\" style=\"letter-spacing:0.9px\">Sie\u0107 EHL Miejsca Oderbruch, Muzeum Oderbruch Altranft<\/li>\n\n\n\n<li class=\"eplus-wrapper has-medium-font-size\" style=\"letter-spacing:0.9px\">Sie\u0107 \"\u015aladami Pogotowia \u015awi\u0119tego Jana\"<\/li>\n\n\n\n<li class=\"eplus-wrapper has-medium-font-size\" style=\"letter-spacing:0.9px\">Muzeum Prowincjonalne Meseritz, Mi\u0119dzyrzecz<\/li>\n\n\n\n<li class=\"eplus-wrapper has-medium-font-size\" style=\"letter-spacing:0.9px\">Muzeum Viadrina, Centrum Pami\u0119ci i Dokumentacji \"Ofiary politycznej tyranii\", Frankfurt nad Odr\u0105<\/li>\n\n\n\n<li class=\"eplus-wrapper has-medium-font-size\" style=\"letter-spacing:0.9px\">Muzeum Martyrologiczne S\u0142o\u0144sk<\/li>\n\n\n\n<li class=\"eplus-wrapper has-medium-font-size\" style=\"letter-spacing:0.9px\">Muzeum Geschichtsstation Seelow (Mark)<\/li>\n\n\n\n<li class=\"eplus-wrapper has-medium-font-size\" style=\"letter-spacing:0.9px\">Muzealne Centrum Wycieczkowe Parku Narodowego \"Uj\u015bcie Warty\" w S\u0142o\u0144sku<\/li>\n\n\n\n<li class=\"eplus-wrapper has-medium-font-size\" style=\"letter-spacing:0.9px\">Muzeum MRU \u0141uk Twierdzy Oder-Warthe<\/li>\n\n\n\n<li class=\"eplus-wrapper has-medium-font-size\" style=\"letter-spacing:0.9px\">Muzeum Twierdzy K\u00fcstrin, Kostrzyn nad Odr\u0105<\/li>\n\n\n\n<li class=\"eplus-wrapper has-medium-font-size\" style=\"letter-spacing:0.9px\">Swiss House Seelow<\/li>\n\n\n\n<li class=\"eplus-wrapper has-medium-font-size\" style=\"letter-spacing:0.9px\">Muzeum Lubuskie Gorz\u00f3w Wielkopolski<\/li>\n\n\n\n<li class=\"eplus-wrapper has-medium-font-size\" style=\"letter-spacing:0.9px\">Muzeum Historyczno-Techniczne Peenem\u00fcnde<\/li>\n\n\n\n<li class=\"eplus-wrapper has-medium-font-size\" style=\"letter-spacing:0.9px\">Szlak Wyzwolenia Europy<\/li>\n\n\n\n<li class=\"eplus-wrapper has-medium-font-size\" style=\"letter-spacing:0.9px\">FORTE CULTURA<\/li>\n<\/ul>\n\n\n\n<p class=\"eplus-wrapper has-medium-font-size\" style=\"letter-spacing:0.9px\">Podstaw\u0105 sieci \"Pami\u0119\u0107 \u0142\u0105czy\" jest nasza umowa o wsp\u00f3\u0142pracy (<a href=\"https:\/\/seelow.martin-kaule.com\/images\/content\/downloads\/KoopVereinbarung_Erinnerung%20verbindet_PL_20230314.pdf\">PL-pdf<\/a>&nbsp;\/&nbsp;<a href=\"https:\/\/seelow.martin-kaule.com\/images\/content\/downloads\/KoopVereinbarung_Erinnerung%20verbindet_DE_20230314.pdf\" target=\"_blank\" rel=\"noreferrer noopener\">DE-pdf<\/a>). Zapraszamy r\u00f3wnie\u017c do zostania aktywnym partnerem sieci poprzez podpisanie umowy o wsp\u00f3\u0142pracy.<\/p>","protected":false},"excerpt":{"rendered":"<p>Die Oder-Warthe Region ist eine ERINNERUNGSLANDSCHAFT von besonderem Wert, in der vor allem das 20. Jahrhundert tiefe Narben hinterlassen hat. Es besteht ein Bedarf und ein gro\u00dfes Potenzial, diese kulturellen [&hellip;]<\/p>\n","protected":false},"author":1,"featured_media":0,"parent":0,"menu_order":0,"comment_status":"closed","ping_status":"closed","template":"","meta":{"editor_plus_copied_stylings":"{}","_EventAllDay":false,"_EventTimezone":"","_EventStartDate":"","_EventEndDate":"","_EventStartDateUTC":"","_EventEndDateUTC":"","_EventShowMap":false,"_EventShowMapLink":false,"_EventURL":"","_EventCost":"","_EventCostDescription":"","_EventCurrencySymbol":"","_EventCurrencyCode":"","_EventCurrencyPosition":"","_EventDateTimeSeparator":"","_EventTimeRangeSeparator":"","_EventOrganizerID":[],"_EventVenueID":[],"_OrganizerEmail":"","_OrganizerPhone":"","_OrganizerWebsite":"","_VenueAddress":"","_VenueCity":"","_VenueCountry":"","_VenueProvince":"","_VenueState":"","_VenueZip":"","_VenuePhone":"","_VenueURL":"","_VenueStateProvince":"","_VenueLat":"","_VenueLng":"","_VenueShowMap":false,"_VenueShowMapLink":false,"footnotes":""},"class_list":["post-105","page","type-page","status-publish","hentry"],"_links":{"self":[{"href":"https:\/\/erinnerung-verbindet.eu\/pl\/wp-json\/wp\/v2\/pages\/105","targetHints":{"allow":["GET"]}}],"collection":[{"href":"https:\/\/erinnerung-verbindet.eu\/pl\/wp-json\/wp\/v2\/pages"}],"about":[{"href":"https:\/\/erinnerung-verbindet.eu\/pl\/wp-json\/wp\/v2\/types\/page"}],"author":[{"embeddable":true,"href":"https:\/\/erinnerung-verbindet.eu\/pl\/wp-json\/wp\/v2\/users\/1"}],"replies":[{"embeddable":true,"href":"https:\/\/erinnerung-verbindet.eu\/pl\/wp-json\/wp\/v2\/comments?post=105"}],"version-history":[{"count":0,"href":"https:\/\/erinnerung-verbindet.eu\/pl\/wp-json\/wp\/v2\/pages\/105\/revisions"}],"wp:attachment":[{"href":"https:\/\/erinnerung-verbindet.eu\/pl\/wp-json\/wp\/v2\/media?parent=105"}],"curies":[{"name":"wp","href":"https:\/\/api.w.org\/{rel}","templated":true}]}}