{"id":2,"date":"2025-01-13T11:40:34","date_gmt":"2025-01-13T11:40:34","guid":{"rendered":"http:\/\/erinnerung-verbindet.eu\/?page_id=2"},"modified":"2025-01-13T11:40:34","modified_gmt":"2025-01-13T11:40:34","slug":"przykladowa-strona","status":"publish","type":"page","link":"https:\/\/erinnerung-verbindet.eu\/pl\/sample-page\/","title":{"rendered":"Przyk\u0142adowa strona"},"content":{"rendered":"<p>To jest przyk\u0142adowa strona. R\u00f3\u017cni si\u0119 ona od wpisu na blogu, poniewa\u017c pozostanie w jednym miejscu i b\u0119dzie widoczna w nawigacji witryny (w wi\u0119kszo\u015bci motyw\u00f3w). Wi\u0119kszo\u015b\u0107 os\u00f3b zaczyna od strony Informacje, kt\u00f3ra przedstawia ich potencjalnym odwiedzaj\u0105cym witryn\u0119. Mo\u017ce ona wygl\u0105da\u0107 mniej wi\u0119cej tak:<\/p>\n\n\n\n<blockquote class=\"wp-block-quote is-layout-flow wp-block-quote-is-layout-flow\"><p>Cze\u015b\u0107! Jestem kurierem rowerowym w dzie\u0144, aspiruj\u0105cym aktorem w nocy, a to jest moja strona internetowa. Mieszkam w Los Angeles, mam wspania\u0142ego psa o imieniu Jack i lubi\u0119 pi\u00f1a colad\u0119. (I da\u0107 si\u0119 z\u0142apa\u0107 w deszczu).<\/p><\/blockquote>\n\n\n\n<p>...lub co\u015b w tym stylu:<\/p>\n\n\n\n<blockquote class=\"wp-block-quote is-layout-flow wp-block-quote-is-layout-flow\"><p>Firma XYZ Doohickey Company zosta\u0142a za\u0142o\u017cona w 1971 roku i od tego czasu dostarcza wysokiej jako\u015bci doohickeys. Zlokalizowana w Gotham City firma XYZ zatrudnia ponad 2000 os\u00f3b i robi wiele niesamowitych rzeczy dla spo\u0142eczno\u015bci Gotham.<\/p><\/blockquote>\n\n\n\n<p>Jako nowy u\u017cytkownik WordPressa powiniene\u015b przej\u015b\u0107 do strony <a href=\"http:\/\/erinnerung-verbindet.eu\/wp-admin\/\">pulpit nawigacyjny<\/a> aby usun\u0105\u0107 t\u0119 stron\u0119 i utworzy\u0107 nowe strony dla swojej zawarto\u015bci. Mi\u0142ej zabawy!<\/p>","protected":false},"excerpt":{"rendered":"<p>This is an example page. It&#8217;s different from a blog post because it will stay in one place and will show up in your site navigation (in most themes). Most [&hellip;]<\/p>\n","protected":false},"author":1,"featured_media":0,"parent":0,"menu_order":0,"comment_status":"closed","ping_status":"open","template":"","meta":{"editor_plus_copied_stylings":"{}","_EventAllDay":false,"_EventTimezone":"","_EventStartDate":"","_EventEndDate":"","_EventStartDateUTC":"","_EventEndDateUTC":"","_EventShowMap":false,"_EventShowMapLink":false,"_EventURL":"","_EventCost":"","_EventCostDescription":"","_EventCurrencySymbol":"","_EventCurrencyCode":"","_EventCurrencyPosition":"","_EventDateTimeSeparator":"","_EventTimeRangeSeparator":"","_EventOrganizerID":[],"_EventVenueID":[],"_OrganizerEmail":"","_OrganizerPhone":"","_OrganizerWebsite":"","_VenueAddress":"","_VenueCity":"","_VenueCountry":"","_VenueProvince":"","_VenueState":"","_VenueZip":"","_VenuePhone":"","_VenueURL":"","_VenueStateProvince":"","_VenueLat":"","_VenueLng":"","_VenueShowMap":false,"_VenueShowMapLink":false,"footnotes":""},"class_list":["post-2","page","type-page","status-publish","hentry"],"_links":{"self":[{"href":"https:\/\/erinnerung-verbindet.eu\/pl\/wp-json\/wp\/v2\/pages\/2","targetHints":{"allow":["GET"]}}],"collection":[{"href":"https:\/\/erinnerung-verbindet.eu\/pl\/wp-json\/wp\/v2\/pages"}],"about":[{"href":"https:\/\/erinnerung-verbindet.eu\/pl\/wp-json\/wp\/v2\/types\/page"}],"author":[{"embeddable":true,"href":"https:\/\/erinnerung-verbindet.eu\/pl\/wp-json\/wp\/v2\/users\/1"}],"replies":[{"embeddable":true,"href":"https:\/\/erinnerung-verbindet.eu\/pl\/wp-json\/wp\/v2\/comments?post=2"}],"version-history":[{"count":0,"href":"https:\/\/erinnerung-verbindet.eu\/pl\/wp-json\/wp\/v2\/pages\/2\/revisions"}],"wp:attachment":[{"href":"https:\/\/erinnerung-verbindet.eu\/pl\/wp-json\/wp\/v2\/media?parent=2"}],"curies":[{"name":"wp","href":"https:\/\/api.w.org\/{rel}","templated":true}]}}