{"id":387,"date":"2025-01-28T14:16:12","date_gmt":"2025-01-28T14:16:12","guid":{"rendered":"https:\/\/erinnerung-verbindet.eu\/?page_id=387"},"modified":"2026-02-03T15:11:03","modified_gmt":"2026-02-03T15:11:03","slug":"projekty","status":"publish","type":"page","link":"https:\/\/erinnerung-verbindet.eu\/pl\/projekte\/","title":{"rendered":"Projekty"},"content":{"rendered":"<p class=\"has-medium-font-size eplus-wrapper\" style=\"margin-top:0;margin-bottom:var(--wp--preset--spacing--40)\"><strong>Cz\u0142onkowie sieci \"Pami\u0119\u0107 \u0142\u0105czy\" regularnie opracowuj\u0105 projekty maj\u0105ce na celu zachowanie i o\u017cywienie wsp\u00f3lnej historii oraz promowanie wymiany transgranicznej. <\/strong><\/p>\n\n\n<div  class=\"ultp-post-grid-block wp-block-ultimate-post-post-list-3 ultp-block-c73e16\"><div class=\"ultp-block-wrapper\"><div class=\"ultp-loading\"><div class=\"ultp-loading-blocks\" style=\"width:100%;height:100%;\"><div style=\"left: 0;top: 0;animation-delay:0s;\"><\/div><div style=\"left: 21px;top: 0;animation-delay:0.125s;\"><\/div><div style=\"left: 42px;top: 0;animation-delay:0.25s;\"><\/div><div style=\"left: 0;top: 21px;animation-delay:0.875s;\"><\/div><div style=\"left: 42px;top: 21px;animation-delay:0.375s;\"><\/div><div style=\"left: 0;top: 42px;animation-delay:0.75s;\"><\/div><div style=\"left: 42px;top: 42px;animation-delay:0.625s;\"><\/div><div style=\"left: 21px;top: 42px;animation-delay:0.5s;\"><\/div><\/div><\/div><div class=\"ultp-block-items-wrap ultp-block-row ultp-block-column-1 ultp-block-content-middle ultp-layout1\"><div class=\"ultp-block-item ultp-block-media post-id-1055\"><div class=\"ultp-block-content-wrap\"><div class=\"ultp-block-image ultp-block-image-zoomIn\"><a href=\"https:\/\/erinnerung-verbindet.eu\/pl\/projekte\/lebendige-erinnerungsorte\/\" ><img decoding=\"async\"  alt=\"\u017bywe miejsca pami\u0119ci\"  src=\"https:\/\/erinnerung-verbindet.eu\/wp-content\/uploads\/2026\/02\/20260318_143917_1-870x570.jpg\" \/><\/a><\/div><div class=\"ultp-block-content\"><h3 class=\"ultp-block-title\"><a href=\"https:\/\/erinnerung-verbindet.eu\/pl\/projekte\/lebendige-erinnerungsorte\/\" >\u017bywe miejsca pami\u0119ci<\/a><\/h3><div class=\"ultp-block-excerpt\">2026 - 2028: Pod przewodnictwem gminy Mi\u0119dzyrzecz (PL) partnerzy projektu opracowuj\u0105 nowe programy turystyki edukacyjnej dotycz\u0105ce historii mord\u00f3w nazistowskich i \u015blad\u00f3w \u017cycia \u017cydowskiego. W ramach wsp\u00f3\u0142pracy transgranicznej partnerzy projektu rewitalizuj\u0105 lub przywracaj\u0105 miejsca pami\u0119ci o znaczeniu krajowym, wyposa\u017caj\u0105c je w wystawy cyfrowe i \u0142\u0105cz\u0105c je tematycznie ze sob\u0105. <\/div><\/div><\/div><\/div><div class=\"ultp-block-item ultp-block-media post-id-917\"><div class=\"ultp-block-content-wrap\"><div class=\"ultp-block-image ultp-block-image-zoomIn\"><a href=\"https:\/\/erinnerung-verbindet.eu\/pl\/projekte\/kulturland-spuren-lebus\/\" ><img decoding=\"async\"  alt=\"Kulturowe \u015blady ziemi Lebus\"  src=\"https:\/\/erinnerung-verbindet.eu\/wp-content\/uploads\/2025\/11\/20251013_114537-870x570.jpg\" \/><\/a><\/div><div class=\"ultp-block-content\"><h3 class=\"ultp-block-title\"><a href=\"https:\/\/erinnerung-verbindet.eu\/pl\/projekte\/kulturland-spuren-lebus\/\" >Kulturowe \u015blady ziemi Lebus<\/a><\/h3><div class=\"ultp-block-excerpt\">2025 - 2028: Pod przewodnictwem gminy S\u0142o\u0144sk (PL) partnerzy projektu opracowuj\u0105 nowe szlaki turystyczne i sieci dotycz\u0105ce historii krajobrazu kulturowego w regionie Odra-Warta. Nowe oferty partycypacyjne i interaktywne punkty informacyjne pokazuj\u0105, w jaki spos\u00f3b ludzie kszta\u0142towali i wykorzystywali region Odry-Warty na przestrzeni wiek\u00f3w oraz jakie metody rolnicze, produkty i tradycje wy\u0142oni\u0142y si\u0119 z tego, co do dzi\u015b mo\u017cna znale\u017a\u0107 po obu stronach granicy.<\/div><\/div><\/div><\/div><div class=\"ultp-block-item ultp-block-media post-id-830\"><div class=\"ultp-block-content-wrap\"><div class=\"ultp-block-image ultp-block-image-zoomIn\"><a href=\"https:\/\/erinnerung-verbindet.eu\/pl\/projekte\/active-remembrance-youth-program-workshop\/\" ><img decoding=\"async\"  alt=\"Warsztaty programu dla m\u0142odzie\u017cy Aktywna Pami\u0119\u0107\"  src=\"https:\/\/erinnerung-verbindet.eu\/wp-content\/uploads\/2025\/07\/20251030_150114_web-870x570.jpg\" \/><\/a><\/div><div class=\"ultp-block-content\"><h3 class=\"ultp-block-title\"><a href=\"https:\/\/erinnerung-verbindet.eu\/pl\/projekte\/active-remembrance-youth-program-workshop\/\" >Warsztaty programu dla m\u0142odzie\u017cy Aktywna Pami\u0119\u0107<\/a><\/h3><div class=\"ultp-block-excerpt\">2025: Program Active Remembrance Youth (ARYP) obejmuje dziewi\u0119\u0107 r\u00f3\u017cnych wydarze\u0144 wymiany m\u0142odzie\u017cy w ca\u0142ej Europie. M\u0142odzi Europejczycy maj\u0105 poznawa\u0107 i upami\u0119tnia\u0107 II wojn\u0119 \u015bwiatow\u0105 z r\u00f3\u017cnych perspektyw. W pa\u017adzierniku 2025 r. odby\u0142 si\u0119 tydzie\u0144 wymiany m\u0142odzie\u017cy wzd\u0142u\u017c szlaku historycznego \u201eWydarzenia wojenne 1945\u201c w regionie Oder-Warthe.<\/div><\/div><\/div><\/div><div class=\"ultp-block-item ultp-block-media post-id-410\"><div class=\"ultp-block-content-wrap\"><div class=\"ultp-block-image ultp-block-image-zoomIn\"><a href=\"https:\/\/erinnerung-verbindet.eu\/pl\/projekte\/erinnerung-verbindet\/\" ><img decoding=\"async\"  alt=\"Pami\u0119\u0107 \u0142\u0105czy - odkrywanie polsko-niemieckiej historii w regionie Odry-Warty\"  src=\"https:\/\/erinnerung-verbindet.eu\/wp-content\/uploads\/2025\/01\/20241017_113447_web-870x570.jpg\" \/><\/a><\/div><div class=\"ultp-block-content\"><h3 class=\"ultp-block-title\"><a href=\"https:\/\/erinnerung-verbindet.eu\/pl\/projekte\/erinnerung-verbindet\/\" >Pami\u0119\u0107 \u0142\u0105czy - odkrywanie polsko-niemieckiej historii w regionie Odry-Warty<\/a><\/h3><div class=\"ultp-block-excerpt\">2024-2027: Pod przewodnictwem miasta Seelow partnerzy projektu opracowuj\u0105 nowe szlaki i sieci turystyczne dotycz\u0105ce dw\u00f3ch temat\u00f3w upami\u0119tniaj\u0105cych o szczeg\u00f3lnym znaczeniu dla regionu Odry-Warty: <b>\"900 lat diecezji Lebus\"<\/b> oraz <b>\"Wyp\u0119dzenie, przymusowa migracja i utrata kultury w 1945 roku\"<\/b>. Tematy te pog\u0142\u0119biaj\u0105 transgraniczn\u0105 ofert\u0119 turystyki edukacyjnej regionu Odra-Warta i wzmacniaj\u0105 sie\u0107 Memory Connects.<\/div><\/div><\/div><\/div><div class=\"ultp-block-item ultp-block-media post-id-404\"><div class=\"ultp-block-content-wrap\"><div class=\"ultp-block-image ultp-block-image-zoomIn\"><a href=\"https:\/\/erinnerung-verbindet.eu\/pl\/projekte\/gemeinsames-erinnern-80-jahre-ende-zweiter-weltkrieg-2025\/\" ><img decoding=\"async\"  alt=\"Wsp\u00f3lna pami\u0119\u0107 - 80 lat od zako\u0144czenia II wojny \u015bwiatowej w 2025 r.\"  src=\"https:\/\/erinnerung-verbindet.eu\/wp-content\/uploads\/2025\/01\/20241127_102822-870x557.jpg\" \/><\/a><\/div><div class=\"ultp-block-content\"><h3 class=\"ultp-block-title\"><a href=\"https:\/\/erinnerung-verbindet.eu\/pl\/projekte\/gemeinsames-erinnern-80-jahre-ende-zweiter-weltkrieg-2025\/\" >Wsp\u00f3lna pami\u0119\u0107 - 80 lat od zako\u0144czenia II wojny \u015bwiatowej w 2025 r.<\/a><\/h3><div class=\"ultp-block-excerpt\">2024 - 2025: W ramach wsp\u00f3\u0142pracy polsko-niemieckiej pod przewodnictwem miasta Seelow i przy wsparciu Euroregionu PRO EUROPA VIADRINA powsta\u0142 transgraniczny szlak historyczny, kt\u00f3ry przedstawia tras\u0119 Armii Czerwonej w 1945 roku przez nasz region w kierunku Berlina, w tym kluczowe wydarzenia wojenne. Wiosn\u0105 2025 r. wzd\u0142u\u017c szlaku historycznego odb\u0119d\u0105 si\u0119 uroczysto\u015bci upami\u0119tniaj\u0105ce wiele ofiar.<\/div><\/div><\/div><\/div><div class=\"ultp-block-item ultp-block-media post-id-389\"><div class=\"ultp-block-content-wrap\"><div class=\"ultp-block-image ultp-block-image-zoomIn\"><a href=\"https:\/\/erinnerung-verbindet.eu\/pl\/projekte\/staetten-der-erinnerung-oder-warthe\/\" ><img decoding=\"async\"  alt=\"Miejsca pami\u0119ci Odra-Warthe\"  src=\"https:\/\/erinnerung-verbindet.eu\/wp-content\/uploads\/2025\/01\/20230321_154049_1-870x570.jpg\" \/><\/a><\/div><div class=\"ultp-block-content\"><h3 class=\"ultp-block-title\"><a href=\"https:\/\/erinnerung-verbindet.eu\/pl\/projekte\/staetten-der-erinnerung-oder-warthe\/\" >Miejsca pami\u0119ci Odra-Warthe<\/a><\/h3><div class=\"ultp-block-excerpt\">2019 - 2023: W ramach projektu finansowania \"Miejsca pami\u0119ci Odra-Warta\" partnerzy projektu Miasto Seelow (partner wiod\u0105cy), Miasto Kostrzyn nad Odr\u0105 i Gmina S\u0142o\u0144sk d\u0105\u017cyli do po\u0142\u0105czenia w sie\u0107 unikalnego krajobrazu pami\u0119ci w regionie Odra-Warta, uwidocznienia go i waloryzacji pod k\u0105tem turystyki. Po\u0142o\u017cono podwaliny pod transgraniczn\u0105 mark\u0119 turystyczn\u0105 \"Pami\u0119\u0107 \u0142\u0105czy\".<\/div><\/div><\/div><\/div><\/div><\/div><div class=\"pagination-block-html\" aria-hidden=\"true\" style=\"display: none;\"><\/div><\/div>","protected":false},"excerpt":{"rendered":"<p>Cz\u0142onkowie sieci \"Pami\u0119\u0107 \u0142\u0105czy\" regularnie opracowuj\u0105 projekty maj\u0105ce na celu zachowanie i o\u017cywienie wsp\u00f3lnej historii oraz promowanie wymiany transgranicznej.<\/p>","protected":false},"author":2,"featured_media":0,"parent":0,"menu_order":0,"comment_status":"closed","ping_status":"closed","template":"","meta":{"editor_plus_copied_stylings":"{}","_EventAllDay":false,"_EventTimezone":"","_EventStartDate":"","_EventEndDate":"","_EventStartDateUTC":"","_EventEndDateUTC":"","_EventShowMap":false,"_EventShowMapLink":false,"_EventURL":"","_EventCost":"","_EventCostDescription":"","_EventCurrencySymbol":"","_EventCurrencyCode":"","_EventCurrencyPosition":"","_EventDateTimeSeparator":"","_EventTimeRangeSeparator":"","_EventOrganizerID":[],"_EventVenueID":[],"_OrganizerEmail":"","_OrganizerPhone":"","_OrganizerWebsite":"","_VenueAddress":"","_VenueCity":"","_VenueCountry":"","_VenueProvince":"","_VenueState":"","_VenueZip":"","_VenuePhone":"","_VenueURL":"","_VenueStateProvince":"","_VenueLat":"","_VenueLng":"","_VenueShowMap":false,"_VenueShowMapLink":false,"footnotes":""},"class_list":["post-387","page","type-page","status-publish","hentry"],"_links":{"self":[{"href":"https:\/\/erinnerung-verbindet.eu\/pl\/wp-json\/wp\/v2\/pages\/387","targetHints":{"allow":["GET"]}}],"collection":[{"href":"https:\/\/erinnerung-verbindet.eu\/pl\/wp-json\/wp\/v2\/pages"}],"about":[{"href":"https:\/\/erinnerung-verbindet.eu\/pl\/wp-json\/wp\/v2\/types\/page"}],"author":[{"embeddable":true,"href":"https:\/\/erinnerung-verbindet.eu\/pl\/wp-json\/wp\/v2\/users\/2"}],"replies":[{"embeddable":true,"href":"https:\/\/erinnerung-verbindet.eu\/pl\/wp-json\/wp\/v2\/comments?post=387"}],"version-history":[{"count":6,"href":"https:\/\/erinnerung-verbindet.eu\/pl\/wp-json\/wp\/v2\/pages\/387\/revisions"}],"predecessor-version":[{"id":1066,"href":"https:\/\/erinnerung-verbindet.eu\/pl\/wp-json\/wp\/v2\/pages\/387\/revisions\/1066"}],"wp:attachment":[{"href":"https:\/\/erinnerung-verbindet.eu\/pl\/wp-json\/wp\/v2\/media?parent=387"}],"curies":[{"name":"wp","href":"https:\/\/api.w.org\/{rel}","templated":true}]}}