{"id":581,"date":"2025-04-14T09:29:32","date_gmt":"2025-04-14T09:29:32","guid":{"rendered":"https:\/\/erinnerung-verbindet.eu\/?page_id=581"},"modified":"2026-01-05T12:17:33","modified_gmt":"2026-01-05T12:17:33","slug":"wydarzenia-2","status":"publish","type":"page","link":"https:\/\/erinnerung-verbindet.eu\/pl\/veranstaltungen\/","title":{"rendered":"wydarzenia"},"content":{"rendered":"\n<h2 class=\" wp-block-heading has-large-font-size eplus-wrapper\">Anstehende Veranstaltungen zu verschiedenen Erinnerungsthemen in der Oder-Warthe Region.<\/h2>\n\n\n<div class=\"wp-block-columns eplus-wrapper is-layout-flex wp-container-core-columns-is-layout-28f84493 wp-block-columns-is-layout-flex eplus-styles-uid-701d38\">\n<div class=\"wp-block-column eplus-wrapper is-layout-flow wp-block-column-is-layout-flow\"><div id=\"ect-no-events\"><p>Zur Zeit sind keine Veranstaltungen geplant<\/p><\/div>\n\n\n<h2 class=\" wp-block-heading has-large-font-size eplus-wrapper\" style=\"margin-top:var(--wp--preset--spacing--50)\">Vergangene Veranstaltungen zu verschiedenen Erinnerungsthemen in der Oder-Warthe Region.<\/h2>\n<\/div>\n<\/div>\n\n\n<p class=\" eplus-wrapper\"><\/p>\n\n\n<div  class=\"ultp-post-grid-block wp-block-ultimate-post-post-list-3 ultp-block-14c363\"><div class=\"ultp-block-wrapper\"><div class=\"ultp-loading\"><div class=\"ultp-loading-blocks\" style=\"width:100%;height:100%;\"><div style=\"left: 0;top: 0;animation-delay:0s;\"><\/div><div style=\"left: 21px;top: 0;animation-delay:0.125s;\"><\/div><div style=\"left: 42px;top: 0;animation-delay:0.25s;\"><\/div><div style=\"left: 0;top: 21px;animation-delay:0.875s;\"><\/div><div style=\"left: 42px;top: 21px;animation-delay:0.375s;\"><\/div><div style=\"left: 0;top: 42px;animation-delay:0.75s;\"><\/div><div style=\"left: 42px;top: 42px;animation-delay:0.625s;\"><\/div><div style=\"left: 21px;top: 42px;animation-delay:0.5s;\"><\/div><\/div><\/div><div class=\"ultp-block-items-wrap ultp-block-row ultp-block-column-2 ultp-block-content-middle ultp-layout1\"><div class=\"ultp-block-item ultp-block-media post-id-863\"><div class=\"ultp-block-content-wrap\"><div class=\"ultp-block-image ultp-block-image-opacity\"><a href=\"https:\/\/erinnerung-verbindet.eu\/pl\/veranstaltung\/symposium-vertreibung-zwangsmigration-kulturverlust-1945-in-der-oder-warthe-region\/\" ><img decoding=\"async\"  alt=\"Symposium &#8222;Vertreibung, Zwangsmigration, Kulturverlust 1945 in der Oder-Warthe Region&#8220;\"  src=\"https:\/\/erinnerung-verbindet.eu\/wp-content\/uploads\/2025\/09\/symposium-600x600.jpg\" \/><\/a><\/div><div class=\"ultp-block-content\"><h3 class=\"ultp-block-title \"><a href=\"https:\/\/erinnerung-verbindet.eu\/pl\/veranstaltung\/symposium-vertreibung-zwangsmigration-kulturverlust-1945-in-der-oder-warthe-region\/\" >Symposium &#8222;Vertreibung, Zwangsmigration, Kulturverlust 1945 in der Oder-Warthe Region&#8220;<\/a><\/h3><div class=\"ultp-block-excerpt\"><p>5. November 2025, Kulturhaus K\u00fcstriner Vorland (DE) Das Symposium \u201eVertreibung, Zwangsmigration, Kulturverlust 1945 in der Oder-Warthe-Region\u201c befasste sich mit der komplexen deutsch-polnischen Geschichte in der Grenzregion, insbesondere nach dem Zweiten [&hellip;]<\/p>\n<\/div><div class=\"ultp-block-readmore\"><a aria-label=\"Symposium &#8222;Vertreibung, Zwangsmigration, Kulturverlust 1945 in der Oder-Warthe Region&#8220;\" href=\"https:\/\/erinnerung-verbindet.eu\/pl\/veranstaltung\/symposium-vertreibung-zwangsmigration-kulturverlust-1945-in-der-oder-warthe-region\/\" >Weiterlesen<\/a><\/div><\/div><\/div><\/div><div class=\"ultp-block-item ultp-block-media post-id-641\"><div class=\"ultp-block-content-wrap\"><div class=\"ultp-block-image ultp-block-image-opacity\"><a href=\"https:\/\/erinnerung-verbindet.eu\/pl\/veranstaltung\/abschlusstreffen-im-museum-berlin-karlshorst\/\" ><img decoding=\"async\"  alt=\"Abschlusstreffen im Museum Berlin-Karlshorst\"  src=\"https:\/\/erinnerung-verbindet.eu\/wp-content\/uploads\/2025\/05\/Museum-Karlshorst_w-600x600.jpg\" \/><\/a><\/div><div class=\"ultp-block-content\"><h3 class=\"ultp-block-title \"><a href=\"https:\/\/erinnerung-verbindet.eu\/pl\/veranstaltung\/abschlusstreffen-im-museum-berlin-karlshorst\/\" >Abschlusstreffen im Museum Berlin-Karlshorst<\/a><\/h3><div class=\"ultp-block-excerpt\"><p>Am 5. Mai 2025 fand die Abschlussveranstaltung zum Projekt &#8222;Gemeinsames Erinnern \u2013 80 Jahre Ende Zweiter Weltkrieg 2025&#8220; im Museum Berlin-Karlshorst statt. W\u00e4hrend eines kurzen Workshops wurden die Projektergebnisse vorgestellt [&hellip;]<\/p>\n<\/div><div class=\"ultp-block-readmore\"><a aria-label=\"Abschlusstreffen im Museum Berlin-Karlshorst\" href=\"https:\/\/erinnerung-verbindet.eu\/pl\/veranstaltung\/abschlusstreffen-im-museum-berlin-karlshorst\/\" >Weiterlesen<\/a><\/div><\/div><\/div><\/div><div class=\"ultp-block-item ultp-block-media post-id-614\"><div class=\"ultp-block-content-wrap\"><div class=\"ultp-block-image ultp-block-image-opacity\"><a href=\"https:\/\/erinnerung-verbindet.eu\/pl\/veranstaltung\/gedenken-an-den-seelower-hoehen\/\" ><img decoding=\"async\"  alt=\"Gedenken an den Seelower H\u00f6hen\"  src=\"https:\/\/erinnerung-verbindet.eu\/wp-content\/uploads\/2025\/04\/Gedenken-Gruppe-600x600.jpg\" \/><\/a><\/div><div class=\"ultp-block-content\"><h3 class=\"ultp-block-title \"><a href=\"https:\/\/erinnerung-verbindet.eu\/pl\/veranstaltung\/gedenken-an-den-seelower-hoehen\/\" >Gedenken an den Seelower H\u00f6hen<\/a><\/h3><div class=\"ultp-block-excerpt\"><p>Am 16. April 2025, begann vor 80 Jahren mit der Schlacht um die Seelower H\u00f6hen die Berliner Operation, welche als eine der verlustreichsten milit\u00e4rischen Auseinandersetzungen auf deutschem Boden w\u00e4hrend des [&hellip;]<\/p>\n<\/div><div class=\"ultp-block-readmore\"><a aria-label=\"Gedenken an den Seelower H\u00f6hen\" href=\"https:\/\/erinnerung-verbindet.eu\/pl\/veranstaltung\/gedenken-an-den-seelower-hoehen\/\" >Weiterlesen<\/a><\/div><\/div><\/div><\/div><div class=\"ultp-block-item ultp-block-media post-id-549\"><div class=\"ultp-block-content-wrap\"><div class=\"ultp-block-image ultp-block-image-opacity\"><a href=\"https:\/\/erinnerung-verbindet.eu\/pl\/veranstaltung\/80-jahre-kriegsende-gedenken-in-kostrzyn-nad-odra\/\" ><img decoding=\"async\"  alt=\"80 Jahre Kriegsende: Gedenken in Kostrzyn nad Odr\u0105\"  src=\"https:\/\/erinnerung-verbindet.eu\/wp-content\/uploads\/2025\/03\/20250330_162039-600x600.jpg\" \/><\/a><\/div><div class=\"ultp-block-content\"><h3 class=\"ultp-block-title \"><a href=\"https:\/\/erinnerung-verbindet.eu\/pl\/veranstaltung\/80-jahre-kriegsende-gedenken-in-kostrzyn-nad-odra\/\" >80 Jahre Kriegsende: Gedenken in Kostrzyn nad Odr\u0105<\/a><\/h3><div class=\"ultp-block-excerpt\"><p>Am 30. M\u00e4rz 2025 fand in Kostrzyn nad Odr\u0105 eine Gedenkveranstaltung zum 80. Jahrestag der Befreiung vom Hitlerfaschismus und der Befreiung des Kriegsgefangenenlagers Stalag 3c durch die Rote Armee statt. [&hellip;]<\/p>\n<\/div><div class=\"ultp-block-readmore\"><a aria-label=\"80 Jahre Kriegsende: Gedenken in Kostrzyn nad Odr\u0105\" href=\"https:\/\/erinnerung-verbindet.eu\/pl\/veranstaltung\/80-jahre-kriegsende-gedenken-in-kostrzyn-nad-odra\/\" >Weiterlesen<\/a><\/div><\/div><\/div><\/div><div class=\"ultp-block-item ultp-block-media post-id-537\"><div class=\"ultp-block-content-wrap\"><div class=\"ultp-block-image ultp-block-image-opacity\"><a href=\"https:\/\/erinnerung-verbindet.eu\/pl\/veranstaltung\/80-jahre-gedenken-kriegsschauplatz-schloss-klessin\/\" ><img decoding=\"async\"  alt=\"80. Jahre Gedenken, Kriegsschauplatz Schloss Klessin\"  src=\"https:\/\/erinnerung-verbindet.eu\/wp-content\/uploads\/2025\/03\/IMG-20250322-WA0002-600x600.jpg\" \/><\/a><\/div><div class=\"ultp-block-content\"><h3 class=\"ultp-block-title \"><a href=\"https:\/\/erinnerung-verbindet.eu\/pl\/veranstaltung\/80-jahre-gedenken-kriegsschauplatz-schloss-klessin\/\" >80. Jahre Gedenken, Kriegsschauplatz Schloss Klessin<\/a><\/h3><div class=\"ultp-block-excerpt\"><p>Im Fr\u00fchjahr 2025 j\u00e4hrt sich das Ende des Zweiten Weltkriegs zum 80. Mal. In Klessin, einem Ortsteil von Podelzig im Landkreis M\u00e4rkisch-Oderland, wird dieser Anlass mit verschiedenen Gedenkveranstaltungen begangen. Die [&hellip;]<\/p>\n<\/div><div class=\"ultp-block-readmore\"><a aria-label=\"80. Jahre Gedenken, Kriegsschauplatz Schloss Klessin\" href=\"https:\/\/erinnerung-verbindet.eu\/pl\/veranstaltung\/80-jahre-gedenken-kriegsschauplatz-schloss-klessin\/\" >Weiterlesen<\/a><\/div><\/div><\/div><\/div><div class=\"ultp-block-item ultp-block-media post-id-509\"><div class=\"ultp-block-content-wrap\"><div class=\"ultp-block-image ultp-block-image-opacity\"><a href=\"https:\/\/erinnerung-verbindet.eu\/pl\/veranstaltung\/lre-mitgliederversammlung-in-krakau-zukunft-des-gedenkens-zum-zweiten-weltkrieg\/\" ><img decoding=\"async\"  alt=\"LRE Forum 2025 in Krakau: Zukunft des Gedenkens zum Zweiten Weltkrieg\"  src=\"https:\/\/erinnerung-verbindet.eu\/wp-content\/uploads\/2025\/03\/LRE-Kongress-2025_Krakau-600x600.jpg\" \/><\/a><\/div><div class=\"ultp-block-content\"><h3 class=\"ultp-block-title \"><a href=\"https:\/\/erinnerung-verbindet.eu\/pl\/veranstaltung\/lre-mitgliederversammlung-in-krakau-zukunft-des-gedenkens-zum-zweiten-weltkrieg\/\" >LRE Forum 2025 in Krakau: Zukunft des Gedenkens zum Zweiten Weltkrieg<\/a><\/h3><div class=\"ultp-block-excerpt\"><p>Vom 11. bis 13. M\u00e4rz 2025 fand in Krakau der Jahrskongress der Liberation Route Europe (LRE) statt. Die Veranstaltung brachte Experten, Historiker und Mitglieder aus ganz Europa zusammen, um aktuelle [&hellip;]<\/p>\n<\/div><div class=\"ultp-block-readmore\"><a aria-label=\"LRE Forum 2025 in Krakau: Zukunft des Gedenkens zum Zweiten Weltkrieg\" href=\"https:\/\/erinnerung-verbindet.eu\/pl\/veranstaltung\/lre-mitgliederversammlung-in-krakau-zukunft-des-gedenkens-zum-zweiten-weltkrieg\/\" >Weiterlesen<\/a><\/div><\/div><\/div><\/div><div class=\"ultp-block-item ultp-block-media post-id-633\"><div class=\"ultp-block-content-wrap\"><div class=\"ultp-block-image ultp-block-image-opacity\"><a href=\"https:\/\/erinnerung-verbindet.eu\/pl\/veranstaltung\/gedenkveranstaltung-in-kienitz-am-31-januar-2025-80-jahre-nach-dem-oder-uebertritt\/\" ><img decoding=\"async\"  alt=\"Gedenkveranstaltung in Kienitz am 31. Januar 2025: 80 Jahre nach dem Oder-\u00dcbertritt\"  src=\"https:\/\/erinnerung-verbindet.eu\/wp-content\/uploads\/2025\/05\/20250131_102208-600x600.jpg\" \/><\/a><\/div><div class=\"ultp-block-content\"><h3 class=\"ultp-block-title \"><a href=\"https:\/\/erinnerung-verbindet.eu\/pl\/veranstaltung\/gedenkveranstaltung-in-kienitz-am-31-januar-2025-80-jahre-nach-dem-oder-uebertritt\/\" >Gedenkveranstaltung in Kienitz am 31. Januar 2025: 80 Jahre nach dem Oder-\u00dcbertritt<\/a><\/h3><div class=\"ultp-block-excerpt\"><p>Am 31. Januar 2025 erinnerte die Gemeinde Kienitz im brandenburgischen Oderbruch an den 80. Jahrestag des historischen Oder-\u00dcbertritts der Roten Armee im Jahr 1945. Damals errichteten sowjetische Truppen in Kienitz [&hellip;]<\/p>\n<\/div><div class=\"ultp-block-readmore\"><a aria-label=\"Gedenkveranstaltung in Kienitz am 31. Januar 2025: 80 Jahre nach dem Oder-\u00dcbertritt\" href=\"https:\/\/erinnerung-verbindet.eu\/pl\/veranstaltung\/gedenkveranstaltung-in-kienitz-am-31-januar-2025-80-jahre-nach-dem-oder-uebertritt\/\" >Weiterlesen<\/a><\/div><\/div><\/div><\/div><div class=\"ultp-block-item ultp-block-media post-id-627\"><div class=\"ultp-block-content-wrap\"><div class=\"ultp-block-image ultp-block-image-opacity\"><a href=\"https:\/\/erinnerung-verbindet.eu\/pl\/veranstaltung\/gedenkveranstaltung-am-31-januar-2025-in-slonsk\/\" ><img decoding=\"async\"  alt=\"Gedenkveranstaltung am 31. Januar 2025 in S\u0142o\u0144sk\"  src=\"https:\/\/erinnerung-verbindet.eu\/wp-content\/uploads\/2025\/05\/IMG_20250131_160249-600x600.jpg\" \/><\/a><\/div><div class=\"ultp-block-content\"><h3 class=\"ultp-block-title \"><a href=\"https:\/\/erinnerung-verbindet.eu\/pl\/veranstaltung\/gedenkveranstaltung-am-31-januar-2025-in-slonsk\/\" >Gedenkveranstaltung am 31. Januar 2025 in S\u0142o\u0144sk<\/a><\/h3><div class=\"ultp-block-excerpt\"><p>Am 31. Januar 2025 fand in der polnischen Gemeinde S\u0142o\u0144sk eine Gedenkveranstaltung statt, um an die Opfer des ehemaligen Konzentrationslagers Sonnenburg zu erinnern. Zahlreiche G\u00e4ste aus Polen, Deutschland und anderen [&hellip;]<\/p>\n<\/div><div class=\"ultp-block-readmore\"><a aria-label=\"Gedenkveranstaltung am 31. Januar 2025 in S\u0142o\u0144sk\" href=\"https:\/\/erinnerung-verbindet.eu\/pl\/veranstaltung\/gedenkveranstaltung-am-31-januar-2025-in-slonsk\/\" >Weiterlesen<\/a><\/div><\/div><\/div><\/div><div class=\"ultp-block-item ultp-block-media post-id-668\"><div class=\"ultp-block-content-wrap\"><div class=\"ultp-block-image ultp-block-image-opacity\"><a href=\"https:\/\/erinnerung-verbindet.eu\/pl\/veranstaltung\/abschlusskonferenz-staetten-der-erinnerung-oder-warthe\/\" ><img decoding=\"async\"  alt=\"Abschlusskonferenz \u201eSt\u00e4tten der Erinnerung Oder-Warthe\u201c\"  src=\"https:\/\/erinnerung-verbindet.eu\/wp-content\/uploads\/2025\/05\/20230321_101511a-600x600.jpg\" \/><\/a><\/div><div class=\"ultp-block-content\"><h3 class=\"ultp-block-title \"><a href=\"https:\/\/erinnerung-verbindet.eu\/pl\/veranstaltung\/abschlusskonferenz-staetten-der-erinnerung-oder-warthe\/\" >Abschlusskonferenz \u201eSt\u00e4tten der Erinnerung Oder-Warthe\u201c<\/a><\/h3><div class=\"ultp-block-excerpt\"><p>Das neue Netzwerk und die Marke \u201eErinnerung verbindet\u201c Oder-Warthe sollen k\u00fcnftig die einzigartige Geschichte der deutsch-polnischen Grenzregion als multiperspektivische Erinnerungslandschaft einem internationalen Publikum pr\u00e4sentieren. Zudem wurden drei historische Geb\u00e4ude zu [&hellip;]<\/p>\n<\/div><div class=\"ultp-block-readmore\"><a aria-label=\"Abschlusskonferenz \u201eSt\u00e4tten der Erinnerung Oder-Warthe\u201c\" href=\"https:\/\/erinnerung-verbindet.eu\/pl\/veranstaltung\/abschlusskonferenz-staetten-der-erinnerung-oder-warthe\/\" >Weiterlesen<\/a><\/div><\/div><\/div><\/div><\/div><\/div><div class=\"pagination-block-html\" aria-hidden=\"true\" style=\"display: none;\"><\/div><\/div>","protected":false},"excerpt":{"rendered":"<p>Anstehende Veranstaltungen zu verschiedenen Erinnerungsthemen in der Oder-Warthe Region. Vergangene Veranstaltungen zu verschiedenen Erinnerungsthemen in der Oder-Warthe Region.<\/p>","protected":false},"author":2,"featured_media":0,"parent":0,"menu_order":0,"comment_status":"closed","ping_status":"closed","template":"","meta":{"editor_plus_copied_stylings":"{}","_EventAllDay":false,"_EventTimezone":"","_EventStartDate":"","_EventEndDate":"","_EventStartDateUTC":"","_EventEndDateUTC":"","_EventShowMap":false,"_EventShowMapLink":false,"_EventURL":"","_EventCost":"","_EventCostDescription":"","_EventCurrencySymbol":"","_EventCurrencyCode":"","_EventCurrencyPosition":"","_EventDateTimeSeparator":"","_EventTimeRangeSeparator":"","_EventOrganizerID":[],"_EventVenueID":[],"_OrganizerEmail":"","_OrganizerPhone":"","_OrganizerWebsite":"","_VenueAddress":"","_VenueCity":"","_VenueCountry":"","_VenueProvince":"","_VenueState":"","_VenueZip":"","_VenuePhone":"","_VenueURL":"","_VenueStateProvince":"","_VenueLat":"","_VenueLng":"","_VenueShowMap":false,"_VenueShowMapLink":false,"footnotes":""},"class_list":["post-581","page","type-page","status-publish","hentry"],"_links":{"self":[{"href":"https:\/\/erinnerung-verbindet.eu\/pl\/wp-json\/wp\/v2\/pages\/581","targetHints":{"allow":["GET"]}}],"collection":[{"href":"https:\/\/erinnerung-verbindet.eu\/pl\/wp-json\/wp\/v2\/pages"}],"about":[{"href":"https:\/\/erinnerung-verbindet.eu\/pl\/wp-json\/wp\/v2\/types\/page"}],"author":[{"embeddable":true,"href":"https:\/\/erinnerung-verbindet.eu\/pl\/wp-json\/wp\/v2\/users\/2"}],"replies":[{"embeddable":true,"href":"https:\/\/erinnerung-verbindet.eu\/pl\/wp-json\/wp\/v2\/comments?post=581"}],"version-history":[{"count":19,"href":"https:\/\/erinnerung-verbindet.eu\/pl\/wp-json\/wp\/v2\/pages\/581\/revisions"}],"predecessor-version":[{"id":1035,"href":"https:\/\/erinnerung-verbindet.eu\/pl\/wp-json\/wp\/v2\/pages\/581\/revisions\/1035"}],"wp:attachment":[{"href":"https:\/\/erinnerung-verbindet.eu\/pl\/wp-json\/wp\/v2\/media?parent=581"}],"curies":[{"name":"wp","href":"https:\/\/api.w.org\/{rel}","templated":true}]}}